{"id":2981,"date":"2024-10-27T03:45:50","date_gmt":"2024-10-27T03:45:50","guid":{"rendered":"https:\/\/old.besst.ee\/nuorodos\/"},"modified":"2025-01-04T15:54:47","modified_gmt":"2025-01-04T15:54:47","slug":"nuorodos","status":"publish","type":"page","link":"https:\/\/old.besst.ee\/lt\/nuorodos\/","title":{"rendered":"Nuorodos"},"content":{"rendered":"\t\t<div data-elementor-type=\"wp-page\" data-elementor-id=\"2981\" class=\"elementor elementor-2981 elementor-24\" data-elementor-post-type=\"page\">\n\t\t\t\t\t\t<section class=\"elementor-section elementor-top-section elementor-element elementor-element-6fc3869 elementor-section-height-min-height elementor-section-boxed elementor-section-height-default elementor-section-items-middle\" data-id=\"6fc3869\" data-element_type=\"section\" data-settings=\"{&quot;background_background&quot;:&quot;classic&quot;}\">\n\t\t\t\t\t\t\t<div class=\"elementor-background-overlay\"><\/div>\n\t\t\t\t\t\t\t<div class=\"elementor-container elementor-column-gap-default\">\n\t\t\t\t\t<div class=\"elementor-column elementor-col-100 elementor-top-column elementor-element elementor-element-ce89e4b\" data-id=\"ce89e4b\" data-element_type=\"column\">\n\t\t\t<div class=\"elementor-widget-wrap elementor-element-populated\">\n\t\t\t\t\t\t<div class=\"elementor-element elementor-element-1f96e4c elementor-icon-list--layout-inline elementor-align-center elementor-list-item-link-full_width elementor-widget elementor-widget-icon-list\" data-id=\"1f96e4c\" data-element_type=\"widget\" data-widget_type=\"icon-list.default\">\n\t\t\t\t<div class=\"elementor-widget-container\">\n\t\t\t\t\t\t\t<ul class=\"elementor-icon-list-items elementor-inline-items\">\n\t\t\t\t\t\t\t<li class=\"elementor-icon-list-item elementor-inline-item\">\n\t\t\t\t\t\t\t\t\t\t\t<a href=\"https:\/\/old.besst.ee\/lt\/\">\n\n\t\t\t\t\t\t\t\t\t\t\t<span class=\"elementor-icon-list-text\">Pagrindinis<\/span>\n\t\t\t\t\t\t\t\t\t\t\t<\/a>\n\t\t\t\t\t\t\t\t\t<\/li>\n\t\t\t\t\t\t\t\t<li class=\"elementor-icon-list-item elementor-inline-item\">\n\t\t\t\t\t\t\t\t\t\t\t<span class=\"elementor-icon-list-icon\">\n\t\t\t\t\t\t\t<svg aria-hidden=\"true\" class=\"e-font-icon-svg e-fas-angle-double-right\" viewBox=\"0 0 448 512\" xmlns=\"http:\/\/www.w3.org\/2000\/svg\"><path d=\"M224.3 273l-136 136c-9.4 9.4-24.6 9.4-33.9 0l-22.6-22.6c-9.4-9.4-9.4-24.6 0-33.9l96.4-96.4-96.4-96.4c-9.4-9.4-9.4-24.6 0-33.9L54.3 103c9.4-9.4 24.6-9.4 33.9 0l136 136c9.5 9.4 9.5 24.6.1 34zm192-34l-136-136c-9.4-9.4-24.6-9.4-33.9 0l-22.6 22.6c-9.4 9.4-9.4 24.6 0 33.9l96.4 96.4-96.4 96.4c-9.4 9.4-9.4 24.6 0 33.9l22.6 22.6c9.4 9.4 24.6 9.4 33.9 0l136-136c9.4-9.2 9.4-24.4 0-33.8z\"><\/path><\/svg>\t\t\t\t\t\t<\/span>\n\t\t\t\t\t\t\t\t\t\t<span class=\"elementor-icon-list-text\"><\/span>\n\t\t\t\t\t\t\t\t\t<\/li>\n\t\t\t\t\t\t<\/ul>\n\t\t\t\t\t\t<\/div>\n\t\t\t\t<\/div>\n\t\t\t\t\t<\/div>\n\t\t<\/div>\n\t\t\t\t\t<\/div>\n\t\t<\/section>\n\t\t\t\t<section class=\"elementor-section elementor-top-section elementor-element elementor-element-ec2eac7 elementor-section-boxed elementor-section-height-default elementor-section-height-default\" data-id=\"ec2eac7\" data-element_type=\"section\" data-settings=\"{&quot;background_background&quot;:&quot;classic&quot;}\">\n\t\t\t\t\t\t\t<div class=\"elementor-background-overlay\"><\/div>\n\t\t\t\t\t\t\t<div class=\"elementor-container elementor-column-gap-no\">\n\t\t\t\t\t<div class=\"elementor-column elementor-col-100 elementor-top-column elementor-element elementor-element-0f0f91b\" data-id=\"0f0f91b\" data-element_type=\"column\">\n\t\t\t<div class=\"elementor-widget-wrap elementor-element-populated\">\n\t\t\t\t\t\t<div class=\"elementor-element elementor-element-85b1297 elementor-widget elementor-widget-heading\" data-id=\"85b1297\" data-element_type=\"widget\" data-widget_type=\"heading.default\">\n\t\t\t\t<div class=\"elementor-widget-container\">\n\t\t\t\t\t<h2 class=\"elementor-heading-title elementor-size-default\">Nuorodos<\/h2>\t\t\t\t<\/div>\n\t\t\t\t<\/div>\n\t\t\t\t<div class=\"elementor-element elementor-element-df4728a elementor-widget elementor-widget-text-editor\" data-id=\"df4728a\" data-element_type=\"widget\" data-widget_type=\"text-editor.default\">\n\t\t\t\t<div class=\"elementor-widget-container\">\n\t\t\t\t\t\t\t\t\t\u012egyvendinome daug \u012fdomi\u0173 projekt\u0173, kuriuose naudojome \u012fvairius novatori\u0161kus sprendimus, susijusius su baterij\u0173 energijos kaupimo sistemomis gyvenamosiose patalpose.\n\n\t\t\t\t\t\t\t\t<\/div>\n\t\t\t\t<\/div>\n\t\t\t\t<div class=\"elementor-element elementor-element-e930edc elementor-widget elementor-widget-heading\" data-id=\"e930edc\" data-element_type=\"widget\" data-widget_type=\"heading.default\">\n\t\t\t\t<div class=\"elementor-widget-container\">\n\t\t\t\t\t<h3 class=\"elementor-heading-title elementor-size-default\">M\u016bs\u0173 naujausi projektai:\n\n<\/h3>\t\t\t\t<\/div>\n\t\t\t\t<\/div>\n\t\t\t\t<div class=\"elementor-element elementor-element-5641cef elementor-widget elementor-widget-ucaddon_masonry_post_grid\" data-id=\"5641cef\" data-element_type=\"widget\" data-widget_type=\"ucaddon_masonry_post_grid.default\">\n\t\t\t\t<div class=\"elementor-widget-container\">\n\t\t\t\t\t<!-- start Masonry Post Grid -->\n\t\t\t<style type=\"text\/css\">\/* widget: Masonry Post Grid *\/\n\n#uc_masonry_post_grid_elementor_5641cef {     \n  padding: 0;\n  position:relative;    \n}\n\n\n.ue-grid-item-category a{\n  display:inline-block;\n  font-size:10px;  \n}\n\n#uc_masonry_post_grid_elementor_5641cef .masonryPostGridItem {\n    display: block;\n    width: 100%;\n    box-sizing: border-box;\n    overflow:hidden;\n    position:absolute;\n  \tleft: 0;\n  \ttop: 0;\n}\n\n#uc_masonry_post_grid_elementor_5641cef .masonryPostGridItemInner{\n  position:relative;\n}\n\n#uc_masonry_post_grid_elementor_5641cef .masonryPostGridItem img{\n  width:100%; \n  display:block;\n}\n\n#uc_masonry_post_grid_elementor_5641cef  .ue-item-image-wrap{\n  position:relative;\n}\n\n#uc_masonry_post_grid_elementor_5641cef  .ue-item-image-wrap img{\n  transition:0.3s;\n}\n\n  #uc_masonry_post_grid_elementor_5641cef .make_all_content_link{\n    position:absolute;\n    display:block;\n    top:0px;\n    bottom:0px;\n    left:0px;\n    right:0px;\n  }\n\n#uc_masonry_post_grid_elementor_5641cef .masonryPostGridItemContent{\n  transition:0.4s;\n  position:relative;\n}\n\n#uc_masonry_post_grid_elementor_5641cef .masonryPostGridItemTitle{\n  transition:0.4s;\n  text-decoration:none;\n}\n\n#uc_masonry_post_grid_elementor_5641cef .masonryPostGridItemText{\n  transition:0.4s;\n}\n\n#uc_masonry_post_grid_elementor_5641cef .masonryPostGridItemButton{\n  display:inline-block;\n}\n\n\n\t\n\n\n\n@media screen and (max-width: 767px) {\n  \n  #uc_masonry_post_grid_elementor_5641cef{\n    min-width: unset !important;\n  }\n  \n  #uc_masonry_post_grid_elementor_5641cef .masonryPostGridItem{\n  \tmax-width: 100%;\n  }\n  \n}\n\n<\/style>\n\n\t\t\t<div id=\"uc_masonry_post_grid_elementor_5641cef\" class=\"masonryPostGrid uc-items-wrapper \"  data-custom-field=\"false\" data-custom-char-num=\"100\">  \n  <div class=\"masonryPostGridItem\" >\n  <div class=\"masonryPostGridItemInner\" >\n  \n    <div class=\"ue-item-image-wrap\">\n      <a class=\"\" href='https:\/\/old.besst.ee\/lt\/2024\/11\/08\/sprendimas-gyvenamiesiems-namams-vokietijoje\/'>\n       <img fetchpriority=\"high\" decoding=\"async\" src=\"https:\/\/old.besst.ee\/wp-content\/uploads\/2024\/11\/ref-deye-w1-germany-2023-396x360.jpg\"  src=\"https:\/\/old.besst.ee\/wp-content\/uploads\/2024\/11\/ref-deye-w1-germany-2023-396x360.jpg\" alt=\"ref deye w1 germany 2023\" width=\"396\" height=\"360\"> \n      <\/a>  \n    <\/div>\n  \n    <div class=\"masonryPostGridItemContent\">\n      \n            \n      \n          \n      \n                  <a class=\"\" href='https:\/\/old.besst.ee\/lt\/2024\/11\/08\/sprendimas-gyvenamiesiems-namams-vokietijoje\/'>           <div class=\"masonryPostGridItemTitle\">\n              Sprendimas gyvenamiesiems namams Vokietijoje\n            <\/div>\n          <\/a>                <div class=\"masonryPostGridItemText\">24 kW galios &#8222;Deye&#8221; keitiklis \u0161ioje sistemoje atlieka labai svarb\u0173 vaidmen\u012f. Jis aktyviai...<\/div>      \t\n      \t\n              \n          <a class=\"masonryPostGridItemButton ue_post_button \" href='https:\/\/old.besst.ee\/lt\/2024\/11\/08\/sprendimas-gyvenamiesiems-namams-vokietijoje\/'>Skaityti daugiau<\/a>\n\n              \n      <a class=\"make_all_content_link \" href='https:\/\/old.besst.ee\/lt\/2024\/11\/08\/sprendimas-gyvenamiesiems-namams-vokietijoje\/'><\/a>    <\/div>\n\t<\/div>\n<\/div>\n<!-- end of item -->\n<div class=\"masonryPostGridItem\" >\n  <div class=\"masonryPostGridItemInner\" >\n  \n    <div class=\"ue-item-image-wrap\">\n      <a class=\"\" href='https:\/\/old.besst.ee\/lt\/2024\/11\/08\/sekminga-istorija-is-nyderlandu\/'>\n       <img decoding=\"async\" src=\"https:\/\/old.besst.ee\/wp-content\/uploads\/2024\/11\/ref-Victron-V10-Netherlands-2024-396x360.jpg\"  src=\"https:\/\/old.besst.ee\/wp-content\/uploads\/2024\/11\/ref-Victron-V10-Netherlands-2024-396x360.jpg\" alt=\"ref Victron V10 Netherlands 2024\" width=\"396\" height=\"360\"> \n      <\/a>  \n    <\/div>\n  \n    <div class=\"masonryPostGridItemContent\">\n      \n            \n      \n          \n      \n                  <a class=\"\" href='https:\/\/old.besst.ee\/lt\/2024\/11\/08\/sekminga-istorija-is-nyderlandu\/'>           <div class=\"masonryPostGridItemTitle\">\n              S\u0117kminga istorija i\u0161 Nyderland\u0173\n            <\/div>\n          <\/a>                <div class=\"masonryPostGridItemText\">&#8222;V10 Classic&#8221; + &#8222;Victron&#8221; inverteri\u0173 sistemos \u012fdiegimas tur\u0117jo didel\u012f teigiam\u0105...<\/div>      \t\n      \t\n              \n          <a class=\"masonryPostGridItemButton ue_post_button \" href='https:\/\/old.besst.ee\/lt\/2024\/11\/08\/sekminga-istorija-is-nyderlandu\/'>Skaityti daugiau<\/a>\n\n              \n      <a class=\"make_all_content_link \" href='https:\/\/old.besst.ee\/lt\/2024\/11\/08\/sekminga-istorija-is-nyderlandu\/'><\/a>    <\/div>\n\t<\/div>\n<\/div>\n<!-- end of item -->\n<div class=\"masonryPostGridItem\" >\n  <div class=\"masonryPostGridItemInner\" >\n  \n    <div class=\"ue-item-image-wrap\">\n      <a class=\"\" href='https:\/\/old.besst.ee\/lt\/2024\/11\/08\/irengimas-rygos-imones-biure\/'>\n       <img decoding=\"async\" src=\"https:\/\/old.besst.ee\/wp-content\/uploads\/2024\/11\/ref-V10-Riga-2024-396x360.jpg\"  src=\"https:\/\/old.besst.ee\/wp-content\/uploads\/2024\/11\/ref-V10-Riga-2024-396x360.jpg\" alt=\"ref V10 Riga 2024\" width=\"396\" height=\"360\"> \n      <\/a>  \n    <\/div>\n  \n    <div class=\"masonryPostGridItemContent\">\n      \n            \n      \n          \n      \n                  <a class=\"\" href='https:\/\/old.besst.ee\/lt\/2024\/11\/08\/irengimas-rygos-imones-biure\/'>           <div class=\"masonryPostGridItemTitle\">\n              \u012erengimas Rygos \u012fmon\u0117s biure\n            <\/div>\n          <\/a>                <div class=\"masonryPostGridItemText\">Pirmoji instaliacija Rygoje. Projekt\u0105 \u012fgyvendino m\u016bs\u0173 partneris Latvijoje.<\/div>      \t\n      \t\n              \n          <a class=\"masonryPostGridItemButton ue_post_button \" href='https:\/\/old.besst.ee\/lt\/2024\/11\/08\/irengimas-rygos-imones-biure\/'>Skaityti daugiau<\/a>\n\n              \n      <a class=\"make_all_content_link \" href='https:\/\/old.besst.ee\/lt\/2024\/11\/08\/irengimas-rygos-imones-biure\/'><\/a>    <\/div>\n\t<\/div>\n<\/div>\n<!-- end of item -->\n\n<\/div>\n\t\t\t<!-- end Masonry Post Grid -->\t\t\t\t<\/div>\n\t\t\t\t<\/div>\n\t\t\t\t\t<\/div>\n\t\t<\/div>\n\t\t\t\t\t<\/div>\n\t\t<\/section>\n\t\t\t\t<\/div>\n\t\t","protected":false},"excerpt":{"rendered":"<p>Pagrindinis Nuorodos \u012egyvendinome daug \u012fdomi\u0173 projekt\u0173, kuriuose naudojome \u012fvairius novatori\u0161kus sprendimus, susijusius su baterij\u0173 energijos kaupimo sistemomis gyvenamosiose patalpose. M\u016bs\u0173 [&hellip;]<\/p>\n","protected":false},"author":2,"featured_media":0,"parent":0,"menu_order":0,"comment_status":"closed","ping_status":"closed","template":"elementor_header_footer","meta":{"_acf_changed":false,"site-sidebar-layout":"no-sidebar","site-content-layout":"","ast-site-content-layout":"full-width-container","site-content-style":"default","site-sidebar-style":"default","ast-global-header-display":"","ast-banner-title-visibility":"","ast-main-header-display":"","ast-hfb-above-header-display":"","ast-hfb-below-header-display":"","ast-hfb-mobile-header-display":"","site-post-title":"disabled","ast-breadcrumbs-content":"","ast-featured-img":"disabled","footer-sml-layout":"","theme-transparent-header-meta":"","adv-header-id-meta":"","stick-header-meta":"","header-above-stick-meta":"","header-main-stick-meta":"","header-below-stick-meta":"","astra-migrate-meta-layouts":"default","ast-page-background-enabled":"default","ast-page-background-meta":{"desktop":{"background-color":"var(--ast-global-color-4)","background-image":"","background-repeat":"repeat","background-position":"center center","background-size":"auto","background-attachment":"scroll","background-type":"","background-media":"","overlay-type":"","overlay-color":"","overlay-opacity":"","overlay-gradient":""},"tablet":{"background-color":"","background-image":"","background-repeat":"repeat","background-position":"center center","background-size":"auto","background-attachment":"scroll","background-type":"","background-media":"","overlay-type":"","overlay-color":"","overlay-opacity":"","overlay-gradient":""},"mobile":{"background-color":"","background-image":"","background-repeat":"repeat","background-position":"center center","background-size":"auto","background-attachment":"scroll","background-type":"","background-media":"","overlay-type":"","overlay-color":"","overlay-opacity":"","overlay-gradient":""}},"ast-content-background-meta":{"desktop":{"background-color":"var(--ast-global-color-5)","background-image":"","background-repeat":"repeat","background-position":"center center","background-size":"auto","background-attachment":"scroll","background-type":"","background-media":"","overlay-type":"","overlay-color":"","overlay-opacity":"","overlay-gradient":""},"tablet":{"background-color":"var(--ast-global-color-5)","background-image":"","background-repeat":"repeat","background-position":"center center","background-size":"auto","background-attachment":"scroll","background-type":"","background-media":"","overlay-type":"","overlay-color":"","overlay-opacity":"","overlay-gradient":""},"mobile":{"background-color":"var(--ast-global-color-5)","background-image":"","background-repeat":"repeat","background-position":"center center","background-size":"auto","background-attachment":"scroll","background-type":"","background-media":"","overlay-type":"","overlay-color":"","overlay-opacity":"","overlay-gradient":""}},"footnotes":""},"class_list":["post-2981","page","type-page","status-publish","hentry"],"acf":[],"_links":{"self":[{"href":"https:\/\/old.besst.ee\/lt\/wp-json\/wp\/v2\/pages\/2981","targetHints":{"allow":["GET"]}}],"collection":[{"href":"https:\/\/old.besst.ee\/lt\/wp-json\/wp\/v2\/pages"}],"about":[{"href":"https:\/\/old.besst.ee\/lt\/wp-json\/wp\/v2\/types\/page"}],"author":[{"embeddable":true,"href":"https:\/\/old.besst.ee\/lt\/wp-json\/wp\/v2\/users\/2"}],"replies":[{"embeddable":true,"href":"https:\/\/old.besst.ee\/lt\/wp-json\/wp\/v2\/comments?post=2981"}],"version-history":[{"count":0,"href":"https:\/\/old.besst.ee\/lt\/wp-json\/wp\/v2\/pages\/2981\/revisions"}],"wp:attachment":[{"href":"https:\/\/old.besst.ee\/lt\/wp-json\/wp\/v2\/media?parent=2981"}],"curies":[{"name":"wp","href":"https:\/\/api.w.org\/{rel}","templated":true}]}}