{"id":3160,"date":"2024-10-27T03:45:50","date_gmt":"2024-10-27T03:45:50","guid":{"rendered":"https:\/\/old.besst.ee\/atsauces\/"},"modified":"2025-01-04T15:55:16","modified_gmt":"2025-01-04T15:55:16","slug":"atsauces","status":"publish","type":"page","link":"https:\/\/old.besst.ee\/lv\/atsauces\/","title":{"rendered":"Atsauces"},"content":{"rendered":"\t\t<div data-elementor-type=\"wp-page\" data-elementor-id=\"3160\" class=\"elementor elementor-3160 elementor-24\" data-elementor-post-type=\"page\">\n\t\t\t\t\t\t<section class=\"elementor-section elementor-top-section elementor-element elementor-element-6fc3869 elementor-section-height-min-height elementor-section-boxed elementor-section-height-default elementor-section-items-middle\" data-id=\"6fc3869\" data-element_type=\"section\" data-settings=\"{&quot;background_background&quot;:&quot;classic&quot;}\">\n\t\t\t\t\t\t\t<div class=\"elementor-background-overlay\"><\/div>\n\t\t\t\t\t\t\t<div class=\"elementor-container elementor-column-gap-default\">\n\t\t\t\t\t<div class=\"elementor-column elementor-col-100 elementor-top-column elementor-element elementor-element-ce89e4b\" data-id=\"ce89e4b\" data-element_type=\"column\">\n\t\t\t<div class=\"elementor-widget-wrap elementor-element-populated\">\n\t\t\t\t\t\t<div class=\"elementor-element elementor-element-1f96e4c elementor-icon-list--layout-inline elementor-align-center elementor-list-item-link-full_width elementor-widget elementor-widget-icon-list\" data-id=\"1f96e4c\" data-element_type=\"widget\" data-widget_type=\"icon-list.default\">\n\t\t\t\t<div class=\"elementor-widget-container\">\n\t\t\t\t\t\t\t<ul class=\"elementor-icon-list-items elementor-inline-items\">\n\t\t\t\t\t\t\t<li class=\"elementor-icon-list-item elementor-inline-item\">\n\t\t\t\t\t\t\t\t\t\t\t<a href=\"https:\/\/old.besst.ee\/lv\/\">\n\n\t\t\t\t\t\t\t\t\t\t\t<span class=\"elementor-icon-list-text\">S\u0101kums<\/span>\n\t\t\t\t\t\t\t\t\t\t\t<\/a>\n\t\t\t\t\t\t\t\t\t<\/li>\n\t\t\t\t\t\t\t\t<li class=\"elementor-icon-list-item elementor-inline-item\">\n\t\t\t\t\t\t\t\t\t\t\t<span class=\"elementor-icon-list-icon\">\n\t\t\t\t\t\t\t<svg aria-hidden=\"true\" class=\"e-font-icon-svg e-fas-angle-double-right\" viewBox=\"0 0 448 512\" xmlns=\"http:\/\/www.w3.org\/2000\/svg\"><path d=\"M224.3 273l-136 136c-9.4 9.4-24.6 9.4-33.9 0l-22.6-22.6c-9.4-9.4-9.4-24.6 0-33.9l96.4-96.4-96.4-96.4c-9.4-9.4-9.4-24.6 0-33.9L54.3 103c9.4-9.4 24.6-9.4 33.9 0l136 136c9.5 9.4 9.5 24.6.1 34zm192-34l-136-136c-9.4-9.4-24.6-9.4-33.9 0l-22.6 22.6c-9.4 9.4-9.4 24.6 0 33.9l96.4 96.4-96.4 96.4c-9.4 9.4-9.4 24.6 0 33.9l22.6 22.6c9.4 9.4 24.6 9.4 33.9 0l136-136c9.4-9.2 9.4-24.4 0-33.8z\"><\/path><\/svg>\t\t\t\t\t\t<\/span>\n\t\t\t\t\t\t\t\t\t\t<span class=\"elementor-icon-list-text\"><\/span>\n\t\t\t\t\t\t\t\t\t<\/li>\n\t\t\t\t\t\t<\/ul>\n\t\t\t\t\t\t<\/div>\n\t\t\t\t<\/div>\n\t\t\t\t\t<\/div>\n\t\t<\/div>\n\t\t\t\t\t<\/div>\n\t\t<\/section>\n\t\t\t\t<section class=\"elementor-section elementor-top-section elementor-element elementor-element-ec2eac7 elementor-section-boxed elementor-section-height-default elementor-section-height-default\" data-id=\"ec2eac7\" data-element_type=\"section\" data-settings=\"{&quot;background_background&quot;:&quot;classic&quot;}\">\n\t\t\t\t\t\t\t<div class=\"elementor-background-overlay\"><\/div>\n\t\t\t\t\t\t\t<div class=\"elementor-container elementor-column-gap-no\">\n\t\t\t\t\t<div class=\"elementor-column elementor-col-100 elementor-top-column elementor-element elementor-element-0f0f91b\" data-id=\"0f0f91b\" data-element_type=\"column\">\n\t\t\t<div class=\"elementor-widget-wrap elementor-element-populated\">\n\t\t\t\t\t\t<div class=\"elementor-element elementor-element-85b1297 elementor-widget elementor-widget-heading\" data-id=\"85b1297\" data-element_type=\"widget\" data-widget_type=\"heading.default\">\n\t\t\t\t<div class=\"elementor-widget-container\">\n\t\t\t\t\t<h2 class=\"elementor-heading-title elementor-size-default\">Atsauces<\/h2>\t\t\t\t<\/div>\n\t\t\t\t<\/div>\n\t\t\t\t<div class=\"elementor-element elementor-element-df4728a elementor-widget elementor-widget-text-editor\" data-id=\"df4728a\" data-element_type=\"widget\" data-widget_type=\"text-editor.default\">\n\t\t\t\t<div class=\"elementor-widget-container\">\n\t\t\t\t\t\t\t\t\tEsam iesaist\u012bju\u0161ies daudzos aizraujo\u0161os projektos, \u012bstenojot da\u017e\u0101dus inovat\u012bvus risin\u0101jumus, izmantojot akumulatoru ener\u0123ijas uzglab\u0101\u0161anas sist\u0113mas.\n\n\t\t\t\t\t\t\t\t<\/div>\n\t\t\t\t<\/div>\n\t\t\t\t<div class=\"elementor-element elementor-element-e930edc elementor-widget elementor-widget-heading\" data-id=\"e930edc\" data-element_type=\"widget\" data-widget_type=\"heading.default\">\n\t\t\t\t<div class=\"elementor-widget-container\">\n\t\t\t\t\t<h3 class=\"elementor-heading-title elementor-size-default\">M\u016bsu jaun\u0101kie projekti:\n\n<\/h3>\t\t\t\t<\/div>\n\t\t\t\t<\/div>\n\t\t\t\t<div class=\"elementor-element elementor-element-5641cef elementor-widget elementor-widget-ucaddon_masonry_post_grid\" data-id=\"5641cef\" data-element_type=\"widget\" data-widget_type=\"ucaddon_masonry_post_grid.default\">\n\t\t\t\t<div class=\"elementor-widget-container\">\n\t\t\t\t\t<!-- start Masonry Post Grid -->\n\t\t\t<style type=\"text\/css\">\/* widget: Masonry Post Grid *\/\n\n#uc_masonry_post_grid_elementor_5641cef {     \n  padding: 0;\n  position:relative;    \n}\n\n\n.ue-grid-item-category a{\n  display:inline-block;\n  font-size:10px;  \n}\n\n#uc_masonry_post_grid_elementor_5641cef .masonryPostGridItem {\n    display: block;\n    width: 100%;\n    box-sizing: border-box;\n    overflow:hidden;\n    position:absolute;\n  \tleft: 0;\n  \ttop: 0;\n}\n\n#uc_masonry_post_grid_elementor_5641cef .masonryPostGridItemInner{\n  position:relative;\n}\n\n#uc_masonry_post_grid_elementor_5641cef .masonryPostGridItem img{\n  width:100%; \n  display:block;\n}\n\n#uc_masonry_post_grid_elementor_5641cef  .ue-item-image-wrap{\n  position:relative;\n}\n\n#uc_masonry_post_grid_elementor_5641cef  .ue-item-image-wrap img{\n  transition:0.3s;\n}\n\n  #uc_masonry_post_grid_elementor_5641cef .make_all_content_link{\n    position:absolute;\n    display:block;\n    top:0px;\n    bottom:0px;\n    left:0px;\n    right:0px;\n  }\n\n#uc_masonry_post_grid_elementor_5641cef .masonryPostGridItemContent{\n  transition:0.4s;\n  position:relative;\n}\n\n#uc_masonry_post_grid_elementor_5641cef .masonryPostGridItemTitle{\n  transition:0.4s;\n  text-decoration:none;\n}\n\n#uc_masonry_post_grid_elementor_5641cef .masonryPostGridItemText{\n  transition:0.4s;\n}\n\n#uc_masonry_post_grid_elementor_5641cef .masonryPostGridItemButton{\n  display:inline-block;\n}\n\n\n\t\n\n\n\n@media screen and (max-width: 767px) {\n  \n  #uc_masonry_post_grid_elementor_5641cef{\n    min-width: unset !important;\n  }\n  \n  #uc_masonry_post_grid_elementor_5641cef .masonryPostGridItem{\n  \tmax-width: 100%;\n  }\n  \n}\n\n<\/style>\n\n\t\t\t<div id=\"uc_masonry_post_grid_elementor_5641cef\" class=\"masonryPostGrid uc-items-wrapper \"  data-custom-field=\"false\" data-custom-char-num=\"100\">  \n  <div class=\"masonryPostGridItem\" >\n  <div class=\"masonryPostGridItemInner\" >\n  \n    <div class=\"ue-item-image-wrap\">\n      <a class=\"\" href='https:\/\/old.besst.ee\/lv\/2024\/11\/08\/risinajums-dzivojamai-ekai-vacija\/'>\n       <img fetchpriority=\"high\" decoding=\"async\" src=\"https:\/\/old.besst.ee\/wp-content\/uploads\/2024\/11\/ref-deye-w1-germany-2023-396x360.jpg\"  src=\"https:\/\/old.besst.ee\/wp-content\/uploads\/2024\/11\/ref-deye-w1-germany-2023-396x360.jpg\" alt=\"ref deye w1 germany 2023\" width=\"396\" height=\"360\"> \n      <\/a>  \n    <\/div>\n  \n    <div class=\"masonryPostGridItemContent\">\n      \n            \n      \n          \n      \n                  <a class=\"\" href='https:\/\/old.besst.ee\/lv\/2024\/11\/08\/risinajums-dzivojamai-ekai-vacija\/'>           <div class=\"masonryPostGridItemTitle\">\n              Risin\u0101jums dz\u012bvojamai \u0113kai V\u0101cij\u0101\n            <\/div>\n          <\/a>                <div class=\"masonryPostGridItemText\">24 kW Deye invertoram \u0161aj\u0101 sist\u0113m\u0101 ir iz\u0161\u0137iro\u0161a noz\u012bme. Tas akt\u012bvi p\u0101rveido V10 Classic akumulatoros...<\/div>      \t\n      \t\n              \n          <a class=\"masonryPostGridItemButton ue_post_button \" href='https:\/\/old.besst.ee\/lv\/2024\/11\/08\/risinajums-dzivojamai-ekai-vacija\/'>Las\u012bt vair\u0101k<\/a>\n\n              \n      <a class=\"make_all_content_link \" href='https:\/\/old.besst.ee\/lv\/2024\/11\/08\/risinajums-dzivojamai-ekai-vacija\/'><\/a>    <\/div>\n\t<\/div>\n<\/div>\n<!-- end of item -->\n<div class=\"masonryPostGridItem\" >\n  <div class=\"masonryPostGridItemInner\" >\n  \n    <div class=\"ue-item-image-wrap\">\n      <a class=\"\" href='https:\/\/old.besst.ee\/lv\/2024\/11\/08\/veiksmigs-stasts-no-niderlandes\/'>\n       <img decoding=\"async\" src=\"https:\/\/old.besst.ee\/wp-content\/uploads\/2024\/11\/ref-Victron-V10-Netherlands-2024-396x360.jpg\"  src=\"https:\/\/old.besst.ee\/wp-content\/uploads\/2024\/11\/ref-Victron-V10-Netherlands-2024-396x360.jpg\" alt=\"ref Victron V10 Netherlands 2024\" width=\"396\" height=\"360\"> \n      <\/a>  \n    <\/div>\n  \n    <div class=\"masonryPostGridItemContent\">\n      \n            \n      \n          \n      \n                  <a class=\"\" href='https:\/\/old.besst.ee\/lv\/2024\/11\/08\/veiksmigs-stasts-no-niderlandes\/'>           <div class=\"masonryPostGridItemTitle\">\n              Veiksm\u012bgs st\u0101sts no N\u012bderlandes\n            <\/div>\n          <\/a>                <div class=\"masonryPostGridItemText\">V10 Classic + Victron invertoru sist\u0113mas ievie\u0161anai ir bijusi iev\u0113rojama pozit\u012bva ietekme uz b\u0113g\u013cu patversmi...<\/div>      \t\n      \t\n              \n          <a class=\"masonryPostGridItemButton ue_post_button \" href='https:\/\/old.besst.ee\/lv\/2024\/11\/08\/veiksmigs-stasts-no-niderlandes\/'>Las\u012bt vair\u0101k<\/a>\n\n              \n      <a class=\"make_all_content_link \" href='https:\/\/old.besst.ee\/lv\/2024\/11\/08\/veiksmigs-stasts-no-niderlandes\/'><\/a>    <\/div>\n\t<\/div>\n<\/div>\n<!-- end of item -->\n<div class=\"masonryPostGridItem\" >\n  <div class=\"masonryPostGridItemInner\" >\n  \n    <div class=\"ue-item-image-wrap\">\n      <a class=\"\" href='https:\/\/old.besst.ee\/lv\/2024\/11\/08\/instalacija-rigas-uznemuma-biroja\/'>\n       <img decoding=\"async\" src=\"https:\/\/old.besst.ee\/wp-content\/uploads\/2024\/11\/ref-V10-Riga-2024-396x360.jpg\"  src=\"https:\/\/old.besst.ee\/wp-content\/uploads\/2024\/11\/ref-V10-Riga-2024-396x360.jpg\" alt=\"ref V10 Riga 2024\" width=\"396\" height=\"360\"> \n      <\/a>  \n    <\/div>\n  \n    <div class=\"masonryPostGridItemContent\">\n      \n            \n      \n          \n      \n                  <a class=\"\" href='https:\/\/old.besst.ee\/lv\/2024\/11\/08\/instalacija-rigas-uznemuma-biroja\/'>           <div class=\"masonryPostGridItemTitle\">\n              Instal\u0101cija R\u012bgas uz\u0146\u0113muma biroj\u0101\n            <\/div>\n          <\/a>                <div class=\"masonryPostGridItemText\">Pirm\u0101 instal\u0101cija R\u012bg\u0101. Projektu \u012bstenoja m\u016bsu Latvijas partneris.<\/div>      \t\n      \t\n              \n          <a class=\"masonryPostGridItemButton ue_post_button \" href='https:\/\/old.besst.ee\/lv\/2024\/11\/08\/instalacija-rigas-uznemuma-biroja\/'>Las\u012bt vair\u0101k<\/a>\n\n              \n      <a class=\"make_all_content_link \" href='https:\/\/old.besst.ee\/lv\/2024\/11\/08\/instalacija-rigas-uznemuma-biroja\/'><\/a>    <\/div>\n\t<\/div>\n<\/div>\n<!-- end of item -->\n\n<\/div>\n\t\t\t<!-- end Masonry Post Grid -->\t\t\t\t<\/div>\n\t\t\t\t<\/div>\n\t\t\t\t\t<\/div>\n\t\t<\/div>\n\t\t\t\t\t<\/div>\n\t\t<\/section>\n\t\t\t\t<\/div>\n\t\t","protected":false},"excerpt":{"rendered":"<p>S\u0101kums Atsauces Esam iesaist\u012bju\u0161ies daudzos aizraujo\u0161os projektos, \u012bstenojot da\u017e\u0101dus inovat\u012bvus risin\u0101jumus, izmantojot akumulatoru ener\u0123ijas uzglab\u0101\u0161anas sist\u0113mas. M\u016bsu jaun\u0101kie projekti: Solution [&hellip;]<\/p>\n","protected":false},"author":2,"featured_media":0,"parent":0,"menu_order":0,"comment_status":"closed","ping_status":"closed","template":"elementor_header_footer","meta":{"_acf_changed":false,"site-sidebar-layout":"no-sidebar","site-content-layout":"","ast-site-content-layout":"full-width-container","site-content-style":"default","site-sidebar-style":"default","ast-global-header-display":"","ast-banner-title-visibility":"","ast-main-header-display":"","ast-hfb-above-header-display":"","ast-hfb-below-header-display":"","ast-hfb-mobile-header-display":"","site-post-title":"disabled","ast-breadcrumbs-content":"","ast-featured-img":"disabled","footer-sml-layout":"","theme-transparent-header-meta":"","adv-header-id-meta":"","stick-header-meta":"","header-above-stick-meta":"","header-main-stick-meta":"","header-below-stick-meta":"","astra-migrate-meta-layouts":"default","ast-page-background-enabled":"default","ast-page-background-meta":{"desktop":{"background-color":"var(--ast-global-color-4)","background-image":"","background-repeat":"repeat","background-position":"center center","background-size":"auto","background-attachment":"scroll","background-type":"","background-media":"","overlay-type":"","overlay-color":"","overlay-opacity":"","overlay-gradient":""},"tablet":{"background-color":"","background-image":"","background-repeat":"repeat","background-position":"center center","background-size":"auto","background-attachment":"scroll","background-type":"","background-media":"","overlay-type":"","overlay-color":"","overlay-opacity":"","overlay-gradient":""},"mobile":{"background-color":"","background-image":"","background-repeat":"repeat","background-position":"center center","background-size":"auto","background-attachment":"scroll","background-type":"","background-media":"","overlay-type":"","overlay-color":"","overlay-opacity":"","overlay-gradient":""}},"ast-content-background-meta":{"desktop":{"background-color":"var(--ast-global-color-5)","background-image":"","background-repeat":"repeat","background-position":"center center","background-size":"auto","background-attachment":"scroll","background-type":"","background-media":"","overlay-type":"","overlay-color":"","overlay-opacity":"","overlay-gradient":""},"tablet":{"background-color":"var(--ast-global-color-5)","background-image":"","background-repeat":"repeat","background-position":"center center","background-size":"auto","background-attachment":"scroll","background-type":"","background-media":"","overlay-type":"","overlay-color":"","overlay-opacity":"","overlay-gradient":""},"mobile":{"background-color":"var(--ast-global-color-5)","background-image":"","background-repeat":"repeat","background-position":"center center","background-size":"auto","background-attachment":"scroll","background-type":"","background-media":"","overlay-type":"","overlay-color":"","overlay-opacity":"","overlay-gradient":""}},"footnotes":""},"class_list":["post-3160","page","type-page","status-publish","hentry"],"acf":[],"_links":{"self":[{"href":"https:\/\/old.besst.ee\/lv\/wp-json\/wp\/v2\/pages\/3160","targetHints":{"allow":["GET"]}}],"collection":[{"href":"https:\/\/old.besst.ee\/lv\/wp-json\/wp\/v2\/pages"}],"about":[{"href":"https:\/\/old.besst.ee\/lv\/wp-json\/wp\/v2\/types\/page"}],"author":[{"embeddable":true,"href":"https:\/\/old.besst.ee\/lv\/wp-json\/wp\/v2\/users\/2"}],"replies":[{"embeddable":true,"href":"https:\/\/old.besst.ee\/lv\/wp-json\/wp\/v2\/comments?post=3160"}],"version-history":[{"count":0,"href":"https:\/\/old.besst.ee\/lv\/wp-json\/wp\/v2\/pages\/3160\/revisions"}],"wp:attachment":[{"href":"https:\/\/old.besst.ee\/lv\/wp-json\/wp\/v2\/media?parent=3160"}],"curies":[{"name":"wp","href":"https:\/\/api.w.org\/{rel}","templated":true}]}}