{"id":3168,"date":"2024-10-27T03:43:57","date_gmt":"2024-10-27T03:43:57","guid":{"rendered":"https:\/\/old.besst.ee\/par\/"},"modified":"2025-01-04T15:55:16","modified_gmt":"2025-01-04T15:55:16","slug":"par","status":"publish","type":"page","link":"https:\/\/old.besst.ee\/lv\/par\/","title":{"rendered":"Par"},"content":{"rendered":"\t\t<div data-elementor-type=\"wp-page\" data-elementor-id=\"3168\" class=\"elementor elementor-3168 elementor-13\" data-elementor-post-type=\"page\">\n\t\t\t\t\t\t<section class=\"elementor-section elementor-top-section elementor-element elementor-element-161eb45 elementor-section-height-min-height elementor-section-boxed elementor-section-height-default elementor-section-items-middle\" data-id=\"161eb45\" data-element_type=\"section\" data-settings=\"{&quot;background_background&quot;:&quot;classic&quot;}\">\n\t\t\t\t\t\t\t<div class=\"elementor-background-overlay\"><\/div>\n\t\t\t\t\t\t\t<div class=\"elementor-container elementor-column-gap-default\">\n\t\t\t\t\t<div class=\"elementor-column elementor-col-100 elementor-top-column elementor-element elementor-element-624aef1\" data-id=\"624aef1\" data-element_type=\"column\">\n\t\t\t<div class=\"elementor-widget-wrap elementor-element-populated\">\n\t\t\t\t\t\t<div class=\"elementor-element elementor-element-0d0ed9d elementor-icon-list--layout-inline elementor-align-center elementor-list-item-link-full_width elementor-widget elementor-widget-icon-list\" data-id=\"0d0ed9d\" data-element_type=\"widget\" data-widget_type=\"icon-list.default\">\n\t\t\t\t<div class=\"elementor-widget-container\">\n\t\t\t\t\t\t\t<ul class=\"elementor-icon-list-items elementor-inline-items\">\n\t\t\t\t\t\t\t<li class=\"elementor-icon-list-item elementor-inline-item\">\n\t\t\t\t\t\t\t\t\t\t\t<a href=\"https:\/\/old.besst.ee\/lv\/\">\n\n\t\t\t\t\t\t\t\t\t\t\t<span class=\"elementor-icon-list-text\">S\u0101kums<\/span>\n\t\t\t\t\t\t\t\t\t\t\t<\/a>\n\t\t\t\t\t\t\t\t\t<\/li>\n\t\t\t\t\t\t\t\t<li class=\"elementor-icon-list-item elementor-inline-item\">\n\t\t\t\t\t\t\t\t\t\t\t<span class=\"elementor-icon-list-icon\">\n\t\t\t\t\t\t\t<svg aria-hidden=\"true\" class=\"e-font-icon-svg e-fas-angle-double-right\" viewBox=\"0 0 448 512\" xmlns=\"http:\/\/www.w3.org\/2000\/svg\"><path d=\"M224.3 273l-136 136c-9.4 9.4-24.6 9.4-33.9 0l-22.6-22.6c-9.4-9.4-9.4-24.6 0-33.9l96.4-96.4-96.4-96.4c-9.4-9.4-9.4-24.6 0-33.9L54.3 103c9.4-9.4 24.6-9.4 33.9 0l136 136c9.5 9.4 9.5 24.6.1 34zm192-34l-136-136c-9.4-9.4-24.6-9.4-33.9 0l-22.6 22.6c-9.4 9.4-9.4 24.6 0 33.9l96.4 96.4-96.4 96.4c-9.4 9.4-9.4 24.6 0 33.9l22.6 22.6c9.4 9.4 24.6 9.4 33.9 0l136-136c9.4-9.2 9.4-24.4 0-33.8z\"><\/path><\/svg>\t\t\t\t\t\t<\/span>\n\t\t\t\t\t\t\t\t\t\t<span class=\"elementor-icon-list-text\"><\/span>\n\t\t\t\t\t\t\t\t\t<\/li>\n\t\t\t\t\t\t<\/ul>\n\t\t\t\t\t\t<\/div>\n\t\t\t\t<\/div>\n\t\t\t\t\t<\/div>\n\t\t<\/div>\n\t\t\t\t\t<\/div>\n\t\t<\/section>\n\t\t\t\t<section class=\"elementor-section elementor-top-section elementor-element elementor-element-e475cea elementor-section-stretched elementor-section-boxed elementor-section-height-default elementor-section-height-default\" data-id=\"e475cea\" data-element_type=\"section\" data-settings=\"{&quot;background_background&quot;:&quot;classic&quot;,&quot;stretch_section&quot;:&quot;section-stretched&quot;}\">\n\t\t\t\t\t\t\t<div class=\"elementor-background-overlay\"><\/div>\n\t\t\t\t\t\t\t<div class=\"elementor-container elementor-column-gap-no\">\n\t\t\t\t\t<div class=\"elementor-column elementor-col-50 elementor-top-column elementor-element elementor-element-c4f0c31\" data-id=\"c4f0c31\" data-element_type=\"column\">\n\t\t\t<div class=\"elementor-widget-wrap elementor-element-populated\">\n\t\t\t\t\t\t<section class=\"elementor-section elementor-inner-section elementor-element elementor-element-569adae elementor-section-full_width elementor-section-height-default elementor-section-height-default\" data-id=\"569adae\" data-element_type=\"section\">\n\t\t\t\t\t\t<div class=\"elementor-container elementor-column-gap-no\">\n\t\t\t\t\t<div class=\"elementor-column elementor-col-100 elementor-inner-column elementor-element elementor-element-c4493ea\" data-id=\"c4493ea\" data-element_type=\"column\">\n\t\t\t<div class=\"elementor-widget-wrap elementor-element-populated\">\n\t\t\t\t\t\t<div class=\"elementor-element elementor-element-4bd225b elementor-absolute elementor-widget__width-auto elementor-widget elementor-widget-image\" data-id=\"4bd225b\" data-element_type=\"widget\" data-settings=\"{&quot;_position&quot;:&quot;absolute&quot;}\" data-widget_type=\"image.default\">\n\t\t\t\t<div class=\"elementor-widget-container\">\n\t\t\t\t\t\t\t\t\t\t\t\t\t\t\t<img decoding=\"async\" width=\"62\" height=\"64\" src=\"https:\/\/old.besst.ee\/wp-content\/uploads\/2024\/10\/counter-shap.png\" class=\"attachment-large size-large wp-image-2507\" alt=\"\" \/>\t\t\t\t\t\t\t\t\t\t\t\t\t\t\t<\/div>\n\t\t\t\t<\/div>\n\t\t\t\t<div class=\"elementor-element elementor-element-fc2f4ee elementor-absolute elementor-widget__width-auto elementor-widget elementor-widget-image\" data-id=\"fc2f4ee\" data-element_type=\"widget\" data-settings=\"{&quot;_position&quot;:&quot;absolute&quot;}\" data-widget_type=\"image.default\">\n\t\t\t\t<div class=\"elementor-widget-container\">\n\t\t\t\t\t\t\t\t\t\t\t\t\t\t\t<img decoding=\"async\" width=\"62\" height=\"64\" src=\"https:\/\/old.besst.ee\/wp-content\/uploads\/2024\/10\/counter-shap.png\" class=\"attachment-large size-large wp-image-2507\" alt=\"\" \/>\t\t\t\t\t\t\t\t\t\t\t\t\t\t\t<\/div>\n\t\t\t\t<\/div>\n\t\t\t\t<div class=\"elementor-element elementor-element-ca86a6f elementor-widget elementor-widget-image\" data-id=\"ca86a6f\" data-element_type=\"widget\" data-widget_type=\"image.default\">\n\t\t\t\t<div class=\"elementor-widget-container\">\n\t\t\t\t\t\t\t\t\t\t\t\t\t\t\t<img fetchpriority=\"high\" decoding=\"async\" width=\"440\" height=\"330\" src=\"https:\/\/old.besst.ee\/wp-content\/uploads\/2024\/11\/parmet-solar-voltsmile.png\" class=\"attachment-large size-large wp-image-2679\" alt=\"\" srcset=\"https:\/\/old.besst.ee\/wp-content\/uploads\/2024\/11\/parmet-solar-voltsmile.png 440w, https:\/\/old.besst.ee\/wp-content\/uploads\/2024\/11\/parmet-solar-voltsmile-300x225.png 300w\" sizes=\"(max-width: 440px) 100vw, 440px\" \/>\t\t\t\t\t\t\t\t\t\t\t\t\t\t\t<\/div>\n\t\t\t\t<\/div>\n\t\t\t\t\t<\/div>\n\t\t<\/div>\n\t\t\t\t\t<\/div>\n\t\t<\/section>\n\t\t\t\t\t<\/div>\n\t\t<\/div>\n\t\t\t\t<div class=\"elementor-column elementor-col-50 elementor-top-column elementor-element elementor-element-586e12a\" data-id=\"586e12a\" data-element_type=\"column\">\n\t\t\t<div class=\"elementor-widget-wrap elementor-element-populated\">\n\t\t\t\t\t\t<div class=\"elementor-element elementor-element-87af978 elementor-widget elementor-widget-heading\" data-id=\"87af978\" data-element_type=\"widget\" data-widget_type=\"heading.default\">\n\t\t\t\t<div class=\"elementor-widget-container\">\n\t\t\t\t\t<h2 class=\"elementor-heading-title elementor-size-default\">Par mums<\/h2>\t\t\t\t<\/div>\n\t\t\t\t<\/div>\n\t\t\t\t<div class=\"elementor-element elementor-element-a9c590e elementor-widget elementor-widget-text-editor\" data-id=\"a9c590e\" data-element_type=\"widget\" data-widget_type=\"text-editor.default\">\n\t\t\t\t<div class=\"elementor-widget-container\">\n\t\t\t\t\t\t\t\t\t<p>Besst pieder Igaunijas priv\u0101tajam uz\u0146\u0113mumam Parmet Solar O\u00dc, kas dibin\u0101ts ar Igaunijas un Somijas kapit\u0101lu.<\/p>\n\t\t\t\t\t\t\t\t<\/div>\n\t\t\t\t<\/div>\n\t\t\t\t<div class=\"elementor-element elementor-element-44f5385 elementor-widget elementor-widget-text-editor\" data-id=\"44f5385\" data-element_type=\"widget\" data-widget_type=\"text-editor.default\">\n\t\t\t\t<div class=\"elementor-widget-container\">\n\t\t\t\t\t\t\t\t\tUz\u0146\u0113mums Parmet Solar O\u00dc ir Igaunijas slaven\u0101 uz\u0146\u0113muma Parmet AS meita. Uz\u0146\u0113mums tika dibin\u0101ts 1991. gad\u0101 ar m\u0113r\u0137i ra\u017eot piekaramo griestu sist\u0113mas no met\u0101la. M\u0113s pied\u0101v\u0101jam pilnu pakalpojumu kl\u0101stu, s\u0101kot no konsult\u0101cij\u0101m un projekt\u0113\u0161anas l\u012bdz materi\u0101lu uzst\u0101d\u012b\u0161anai.\n\t\t\t\t\t\t\t\t<\/div>\n\t\t\t\t<\/div>\n\t\t\t\t<div class=\"elementor-element elementor-element-b789e13 elementor-widget elementor-widget-text-editor\" data-id=\"b789e13\" data-element_type=\"widget\" data-widget_type=\"text-editor.default\">\n\t\t\t\t<div class=\"elementor-widget-container\">\n\t\t\t\t\t\t\t\t\t<p>M\u0113s esam ekskluz\u012bvs Voltsmile z\u012bmola p\u0101rst\u0101vis Baltij\u0101 un Zieme\u013cvalst\u012bs. Voltsmile pied\u0101v\u0101 augst\u0101k\u0101s kvalit\u0101tes akumulatoru ener\u0123ijas uzglab\u0101\u0161anas sist\u0113mas (Besst), kas \u012bpa\u0161niekiem sniedz \u0161\u0101das priek\u0161roc\u012bbas:<\/p>\n\t\t\t\t\t\t\t\t<\/div>\n\t\t\t\t<\/div>\n\t\t\t\t<div class=\"elementor-element elementor-element-45aebcb elementor-icon-list--layout-traditional elementor-list-item-link-full_width elementor-widget elementor-widget-icon-list\" data-id=\"45aebcb\" data-element_type=\"widget\" data-widget_type=\"icon-list.default\">\n\t\t\t\t<div class=\"elementor-widget-container\">\n\t\t\t\t\t\t\t<ul class=\"elementor-icon-list-items\">\n\t\t\t\t\t\t\t<li class=\"elementor-icon-list-item\">\n\t\t\t\t\t\t\t\t\t\t\t<span class=\"elementor-icon-list-icon\">\n\t\t\t\t\t\t\t<svg aria-hidden=\"true\" class=\"e-font-icon-svg e-fas-circle\" viewBox=\"0 0 512 512\" xmlns=\"http:\/\/www.w3.org\/2000\/svg\"><path d=\"M256 8C119 8 8 119 8 256s111 248 248 248 248-111 248-248S393 8 256 8z\"><\/path><\/svg>\t\t\t\t\t\t<\/span>\n\t\t\t\t\t\t\t\t\t\t<span class=\"elementor-icon-list-text\">Iev\u0113rojams ener\u0123ijas izmaksu ietaup\u012bjums, pateicoties efekt\u012bvai ener\u0123ijas pat\u0113ri\u0146a p\u0101rvald\u012bbai.<\/span>\n\t\t\t\t\t\t\t\t\t<\/li>\n\t\t\t\t\t\t\t\t<li class=\"elementor-icon-list-item\">\n\t\t\t\t\t\t\t\t\t\t\t<span class=\"elementor-icon-list-icon\">\n\t\t\t\t\t\t\t<svg aria-hidden=\"true\" class=\"e-font-icon-svg e-fas-circle\" viewBox=\"0 0 512 512\" xmlns=\"http:\/\/www.w3.org\/2000\/svg\"><path d=\"M256 8C119 8 8 119 8 256s111 248 248 248 248-111 248-248S393 8 256 8z\"><\/path><\/svg>\t\t\t\t\t\t<\/span>\n\t\t\t\t\t\t\t\t\t\t<span class=\"elementor-icon-list-text\">Lielas iesp\u0113jas izmantot lieko atjaunojamo ener\u0123iju.<\/span>\n\t\t\t\t\t\t\t\t\t<\/li>\n\t\t\t\t\t\t\t\t<li class=\"elementor-icon-list-item\">\n\t\t\t\t\t\t\t\t\t\t\t<span class=\"elementor-icon-list-icon\">\n\t\t\t\t\t\t\t<svg aria-hidden=\"true\" class=\"e-font-icon-svg e-fas-circle\" viewBox=\"0 0 512 512\" xmlns=\"http:\/\/www.w3.org\/2000\/svg\"><path d=\"M256 8C119 8 8 119 8 256s111 248 248 248 248-111 248-248S393 8 256 8z\"><\/path><\/svg>\t\t\t\t\t\t<\/span>\n\t\t\t\t\t\t\t\t\t\t<span class=\"elementor-icon-list-text\">Liel\u0101ka energoapg\u0101des dro\u0161\u012bba un elast\u012bba ar samazin\u0101tu oglek\u013ca dioks\u012bda emisiju.<\/span>\n\t\t\t\t\t\t\t\t\t<\/li>\n\t\t\t\t\t\t<\/ul>\n\t\t\t\t\t\t<\/div>\n\t\t\t\t<\/div>\n\t\t\t\t<div class=\"elementor-element elementor-element-3439218 elementor-widget elementor-widget-text-editor\" data-id=\"3439218\" data-element_type=\"widget\" data-widget_type=\"text-editor.default\">\n\t\t\t\t<div class=\"elementor-widget-container\">\n\t\t\t\t\t\t\t\t\tM\u0113s nodro\u0161in\u0101m produkta p\u0101rdo\u0161anas, pieg\u0101des, tehnisko un m\u0101rketinga atbalstu.\n\t\t\t\t\t\t\t\t<\/div>\n\t\t\t\t<\/div>\n\t\t\t\t<div class=\"elementor-element elementor-element-e013389 elementor-widget elementor-widget-text-editor\" data-id=\"e013389\" data-element_type=\"widget\" data-widget_type=\"text-editor.default\">\n\t\t\t\t<div class=\"elementor-widget-container\">\n\t\t\t\t\t\t\t\t\t<p>M\u016bsu darb\u012bbas jomas ir m\u0101jsaimniec\u012bbas un mazie un vid\u0113jie uz\u0146\u0113mumi. M\u0113s pied\u0101v\u0101jam ar\u012b kompleksus risin\u0101jumus viet\u0113jiem t\u012bkliem un m\u0101jas virtu\u0101laj\u0101m elektrostacij\u0101m (VPP).<\/p>\n\t\t\t\t\t\t\t\t<\/div>\n\t\t\t\t<\/div>\n\t\t\t\t\t<\/div>\n\t\t<\/div>\n\t\t\t\t\t<\/div>\n\t\t<\/section>\n\t\t\t\t<section class=\"elementor-section elementor-top-section elementor-element elementor-element-25d1924 elementor-section-boxed elementor-section-height-default elementor-section-height-default\" data-id=\"25d1924\" data-element_type=\"section\" id=\"services\" data-settings=\"{&quot;background_background&quot;:&quot;classic&quot;}\">\n\t\t\t\t\t\t\t<div class=\"elementor-background-overlay\"><\/div>\n\t\t\t\t\t\t\t<div class=\"elementor-container elementor-column-gap-default\">\n\t\t\t\t\t<div class=\"elementor-column elementor-col-100 elementor-top-column elementor-element elementor-element-15bc97f\" data-id=\"15bc97f\" data-element_type=\"column\">\n\t\t\t<div class=\"elementor-widget-wrap elementor-element-populated\">\n\t\t\t\t\t\t<div class=\"elementor-element elementor-element-8e7a600 elementor-widget elementor-widget-heading\" data-id=\"8e7a600\" data-element_type=\"widget\" data-widget_type=\"heading.default\">\n\t\t\t\t<div class=\"elementor-widget-container\">\n\t\t\t\t\t<h2 class=\"elementor-heading-title elementor-size-default\">K\u0101p\u0113c izv\u0113l\u0113ties m\u016bs<\/h2>\t\t\t\t<\/div>\n\t\t\t\t<\/div>\n\t\t\t\t<section class=\"elementor-section elementor-inner-section elementor-element elementor-element-aa248f7 elementor-section-full_width elementor-section-height-default elementor-section-height-default\" data-id=\"aa248f7\" data-element_type=\"section\">\n\t\t\t\t\t\t<div class=\"elementor-container elementor-column-gap-no\">\n\t\t\t\t\t<div class=\"elementor-column elementor-col-50 elementor-inner-column elementor-element elementor-element-0dcfd77\" data-id=\"0dcfd77\" data-element_type=\"column\" data-settings=\"{&quot;background_background&quot;:&quot;classic&quot;}\">\n\t\t\t<div class=\"elementor-widget-wrap elementor-element-populated\">\n\t\t\t\t\t<div class=\"elementor-background-overlay\"><\/div>\n\t\t\t\t\t\t<div class=\"elementor-element elementor-element-8718c57 elementor-widget elementor-widget-image\" data-id=\"8718c57\" data-element_type=\"widget\" data-widget_type=\"image.default\">\n\t\t\t\t<div class=\"elementor-widget-container\">\n\t\t\t\t\t\t\t\t\t\t\t\t\t\t\t<img decoding=\"async\" width=\"512\" height=\"512\" src=\"https:\/\/old.besst.ee\/wp-content\/uploads\/2024\/11\/focus-1.png\" class=\"attachment-large size-large wp-image-2699\" alt=\"\" srcset=\"https:\/\/old.besst.ee\/wp-content\/uploads\/2024\/11\/focus-1.png 512w, https:\/\/old.besst.ee\/wp-content\/uploads\/2024\/11\/focus-1-300x300.png 300w, https:\/\/old.besst.ee\/wp-content\/uploads\/2024\/11\/focus-1-150x150.png 150w, https:\/\/old.besst.ee\/wp-content\/uploads\/2024\/11\/focus-1-100x100.png 100w\" sizes=\"(max-width: 512px) 100vw, 512px\" \/>\t\t\t\t\t\t\t\t\t\t\t\t\t\t\t<\/div>\n\t\t\t\t<\/div>\n\t\t\t\t<div class=\"elementor-element elementor-element-4588c2d elementor-widget elementor-widget-heading\" data-id=\"4588c2d\" data-element_type=\"widget\" data-widget_type=\"heading.default\">\n\t\t\t\t<div class=\"elementor-widget-container\">\n\t\t\t\t\t<h2 class=\"elementor-heading-title elementor-size-default\">Koncentr\u0113jieties uz dizainu<\/h2>\t\t\t\t<\/div>\n\t\t\t\t<\/div>\n\t\t\t\t<div class=\"elementor-element elementor-element-ca775d5 elementor-widget elementor-widget-text-editor\" data-id=\"ca775d5\" data-element_type=\"widget\" data-widget_type=\"text-editor.default\">\n\t\t\t\t<div class=\"elementor-widget-container\">\n\t\t\t\t\t\t\t\t\t<p>M\u0113s uzskat\u0101m, ka kvalit\u0101te s\u0101kas ar p\u0101rdom\u0101tu dizainu. M\u016bsu \u012bpa\u0161i izveidot\u0101 p\u0113tniec\u012bbas un izstr\u0101des komanda nenogursto\u0161i str\u0101d\u0101, lai izprastu un apmierin\u0101tu m\u016bsu klientu \u012bpa\u0161\u0101s vajadz\u012bbas gan glob\u0101l\u0101, gan viet\u0113j\u0101 m\u0113rog\u0101. M\u0113s lepojamies ar to, ka ra\u017eojam produktus, kas ir \u012bpa\u0161i piem\u0113roti Zieme\u013cvalstu apst\u0101k\u013ciem. M\u016bsu risin\u0101jumi ir izstr\u0101d\u0101ti, lai risin\u0101tu unik\u0101las \u0161\u012b re\u0123iona probl\u0113mas, nodro\u0161inot iztur\u012bbu un veiktsp\u0113ju.<\/p>\n\t\t\t\t\t\t\t\t<\/div>\n\t\t\t\t<\/div>\n\t\t\t\t\t<\/div>\n\t\t<\/div>\n\t\t\t\t<div class=\"elementor-column elementor-col-50 elementor-inner-column elementor-element elementor-element-ea0cdaf\" data-id=\"ea0cdaf\" data-element_type=\"column\" data-settings=\"{&quot;background_background&quot;:&quot;classic&quot;}\">\n\t\t\t<div class=\"elementor-widget-wrap elementor-element-populated\">\n\t\t\t\t\t\t<div class=\"elementor-element elementor-element-029a858 elementor-widget elementor-widget-image\" data-id=\"029a858\" data-element_type=\"widget\" data-widget_type=\"image.default\">\n\t\t\t\t<div class=\"elementor-widget-container\">\n\t\t\t\t\t\t\t\t\t\t\t\t\t\t\t<img loading=\"lazy\" decoding=\"async\" width=\"512\" height=\"512\" src=\"https:\/\/old.besst.ee\/wp-content\/uploads\/2024\/11\/relationship-1.png\" class=\"attachment-large size-large wp-image-2697\" alt=\"\" srcset=\"https:\/\/old.besst.ee\/wp-content\/uploads\/2024\/11\/relationship-1.png 512w, https:\/\/old.besst.ee\/wp-content\/uploads\/2024\/11\/relationship-1-300x300.png 300w, https:\/\/old.besst.ee\/wp-content\/uploads\/2024\/11\/relationship-1-150x150.png 150w, https:\/\/old.besst.ee\/wp-content\/uploads\/2024\/11\/relationship-1-100x100.png 100w\" sizes=\"(max-width: 512px) 100vw, 512px\" \/>\t\t\t\t\t\t\t\t\t\t\t\t\t\t\t<\/div>\n\t\t\t\t<\/div>\n\t\t\t\t<div class=\"elementor-element elementor-element-1a0cd9e elementor-widget elementor-widget-heading\" data-id=\"1a0cd9e\" data-element_type=\"widget\" data-widget_type=\"heading.default\">\n\t\t\t\t<div class=\"elementor-widget-container\">\n\t\t\t\t\t<h2 class=\"elementor-heading-title elementor-size-default\">Partneru attiec\u012bbas\n<\/h2>\t\t\t\t<\/div>\n\t\t\t\t<\/div>\n\t\t\t\t<div class=\"elementor-element elementor-element-11d25a1 elementor-widget elementor-widget-text-editor\" data-id=\"11d25a1\" data-element_type=\"widget\" data-widget_type=\"text-editor.default\">\n\t\t\t\t<div class=\"elementor-widget-container\">\n\t\t\t\t\t\t\t\t\t<p>M\u0113s ticam sadarb\u012bbas sp\u0113kam. M\u0113s cen\u0161amies veidot cie\u0161as, abpus\u0113ji izdev\u012bgas attiec\u012bbas ar saviem partneriem. M\u0113s sniedzam nemain\u012bgu atbalstu saviem partneriem, nodro\u0161inot tiem nepiecie\u0161amos resursus un pal\u012bdz\u012bbu, lai g\u016btu pan\u0101kumus. Kop\u0101 m\u0113s sasniedzam vair\u0101k.<\/p>\n\t\t\t\t\t\t\t\t<\/div>\n\t\t\t\t<\/div>\n\t\t\t\t\t<\/div>\n\t\t<\/div>\n\t\t\t\t\t<\/div>\n\t\t<\/section>\n\t\t\t\t<section class=\"elementor-section elementor-inner-section elementor-element elementor-element-84b38e4 elementor-section-full_width elementor-section-height-default elementor-section-height-default\" data-id=\"84b38e4\" data-element_type=\"section\">\n\t\t\t\t\t\t<div class=\"elementor-container elementor-column-gap-no\">\n\t\t\t\t\t<div class=\"elementor-column elementor-col-50 elementor-inner-column elementor-element elementor-element-363fcd7\" data-id=\"363fcd7\" data-element_type=\"column\" data-settings=\"{&quot;background_background&quot;:&quot;classic&quot;}\">\n\t\t\t<div class=\"elementor-widget-wrap elementor-element-populated\">\n\t\t\t\t\t\t<div class=\"elementor-element elementor-element-797bbf0 elementor-widget elementor-widget-image\" data-id=\"797bbf0\" data-element_type=\"widget\" data-widget_type=\"image.default\">\n\t\t\t\t<div class=\"elementor-widget-container\">\n\t\t\t\t\t\t\t\t\t\t\t\t\t\t\t<img loading=\"lazy\" decoding=\"async\" width=\"512\" height=\"512\" src=\"https:\/\/old.besst.ee\/wp-content\/uploads\/2024\/11\/public-service.png\" class=\"attachment-large size-large wp-image-2703\" alt=\"\" srcset=\"https:\/\/old.besst.ee\/wp-content\/uploads\/2024\/11\/public-service.png 512w, https:\/\/old.besst.ee\/wp-content\/uploads\/2024\/11\/public-service-300x300.png 300w, https:\/\/old.besst.ee\/wp-content\/uploads\/2024\/11\/public-service-150x150.png 150w, https:\/\/old.besst.ee\/wp-content\/uploads\/2024\/11\/public-service-100x100.png 100w\" sizes=\"(max-width: 512px) 100vw, 512px\" \/>\t\t\t\t\t\t\t\t\t\t\t\t\t\t\t<\/div>\n\t\t\t\t<\/div>\n\t\t\t\t<div class=\"elementor-element elementor-element-f71b577 elementor-widget elementor-widget-heading\" data-id=\"f71b577\" data-element_type=\"widget\" data-widget_type=\"heading.default\">\n\t\t\t\t<div class=\"elementor-widget-container\">\n\t\t\t\t\t<h2 class=\"elementor-heading-title elementor-size-default\">Katrs klients ir svar\u012bgs<\/h2>\t\t\t\t<\/div>\n\t\t\t\t<\/div>\n\t\t\t\t<div class=\"elementor-element elementor-element-71c00bf elementor-widget elementor-widget-text-editor\" data-id=\"71c00bf\" data-element_type=\"widget\" data-widget_type=\"text-editor.default\">\n\t\t\t\t<div class=\"elementor-widget-container\">\n\t\t\t\t\t\t\t\t\t<p>M\u0113s izgudrojam un izstr\u0101d\u0101jam savus produktus un pakalpojumus, lai p\u0113c iesp\u0113jas efekt\u012bv\u0101k atrisin\u0101tu konkr\u0113tas klientu vajadz\u012bbas. M\u0113s esam ap\u0146\u0113mu\u0161ies nodro\u0161in\u0101t izcil\u012bbu visos posmos &#8211; no koncepcijas l\u012bdz projekta pabeig\u0161anai.<\/p>\n\t\t\t\t\t\t\t\t<\/div>\n\t\t\t\t<\/div>\n\t\t\t\t\t<\/div>\n\t\t<\/div>\n\t\t\t\t<div class=\"elementor-column elementor-col-50 elementor-inner-column elementor-element elementor-element-0b7ed5f\" data-id=\"0b7ed5f\" data-element_type=\"column\" data-settings=\"{&quot;background_background&quot;:&quot;classic&quot;}\">\n\t\t\t<div class=\"elementor-widget-wrap elementor-element-populated\">\n\t\t\t\t\t<div class=\"elementor-background-overlay\"><\/div>\n\t\t\t\t\t\t<div class=\"elementor-element elementor-element-442d858 elementor-widget elementor-widget-image\" data-id=\"442d858\" data-element_type=\"widget\" data-widget_type=\"image.default\">\n\t\t\t\t<div class=\"elementor-widget-container\">\n\t\t\t\t\t\t\t\t\t\t\t\t\t\t\t<img loading=\"lazy\" decoding=\"async\" width=\"512\" height=\"512\" src=\"https:\/\/old.besst.ee\/wp-content\/uploads\/2024\/11\/badge.png\" class=\"attachment-large size-large wp-image-2701\" alt=\"\" srcset=\"https:\/\/old.besst.ee\/wp-content\/uploads\/2024\/11\/badge.png 512w, https:\/\/old.besst.ee\/wp-content\/uploads\/2024\/11\/badge-300x300.png 300w, https:\/\/old.besst.ee\/wp-content\/uploads\/2024\/11\/badge-150x150.png 150w, https:\/\/old.besst.ee\/wp-content\/uploads\/2024\/11\/badge-100x100.png 100w\" sizes=\"(max-width: 512px) 100vw, 512px\" \/>\t\t\t\t\t\t\t\t\t\t\t\t\t\t\t<\/div>\n\t\t\t\t<\/div>\n\t\t\t\t<div class=\"elementor-element elementor-element-d301833 elementor-widget elementor-widget-heading\" data-id=\"d301833\" data-element_type=\"widget\" data-widget_type=\"heading.default\">\n\t\t\t\t<div class=\"elementor-widget-container\">\n\t\t\t\t\t<h2 class=\"elementor-heading-title elementor-size-default\">Piln\u012bga kvalit\u0101tes vad\u012bba\n<\/h2>\t\t\t\t<\/div>\n\t\t\t\t<\/div>\n\t\t\t\t<div class=\"elementor-element elementor-element-e9834cf elementor-widget elementor-widget-text-editor\" data-id=\"e9834cf\" data-element_type=\"widget\" data-widget_type=\"text-editor.default\">\n\t\t\t\t<div class=\"elementor-widget-container\">\n\t\t\t\t\t\t\t\t\tM\u0113s ievie\u0161am kvalit\u0101tes praksi, kas iesaista visus darbiniekus centienos uzlabot kvalit\u0101ti un klientu apmierin\u0101t\u012bbu. \u0160\u012b holistisk\u0101 pieeja nodro\u0161ina, ka kvalit\u0101te ir priorit\u0101te visos organiz\u0101cijas l\u012bme\u0146os.\n\t\t\t\t\t\t\t\t<\/div>\n\t\t\t\t<\/div>\n\t\t\t\t\t<\/div>\n\t\t<\/div>\n\t\t\t\t\t<\/div>\n\t\t<\/section>\n\t\t\t\t\t<\/div>\n\t\t<\/div>\n\t\t\t\t\t<\/div>\n\t\t<\/section>\n\t\t\t\t<\/div>\n\t\t","protected":false},"excerpt":{"rendered":"<p>S\u0101kums Par mums Besst pieder Igaunijas priv\u0101tajam uz\u0146\u0113mumam Parmet Solar O\u00dc, kas dibin\u0101ts ar Igaunijas un Somijas kapit\u0101lu. Uz\u0146\u0113mums Parmet [&hellip;]<\/p>\n","protected":false},"author":2,"featured_media":0,"parent":0,"menu_order":0,"comment_status":"closed","ping_status":"closed","template":"elementor_header_footer","meta":{"_acf_changed":false,"site-sidebar-layout":"no-sidebar","site-content-layout":"","ast-site-content-layout":"full-width-container","site-content-style":"default","site-sidebar-style":"default","ast-global-header-display":"","ast-banner-title-visibility":"","ast-main-header-display":"","ast-hfb-above-header-display":"","ast-hfb-below-header-display":"","ast-hfb-mobile-header-display":"","site-post-title":"disabled","ast-breadcrumbs-content":"","ast-featured-img":"disabled","footer-sml-layout":"","theme-transparent-header-meta":"","adv-header-id-meta":"","stick-header-meta":"","header-above-stick-meta":"","header-main-stick-meta":"","header-below-stick-meta":"","astra-migrate-meta-layouts":"default","ast-page-background-enabled":"default","ast-page-background-meta":{"desktop":{"background-color":"var(--ast-global-color-4)","background-image":"","background-repeat":"repeat","background-position":"center center","background-size":"auto","background-attachment":"scroll","background-type":"","background-media":"","overlay-type":"","overlay-color":"","overlay-opacity":"","overlay-gradient":""},"tablet":{"background-color":"","background-image":"","background-repeat":"repeat","background-position":"center center","background-size":"auto","background-attachment":"scroll","background-type":"","background-media":"","overlay-type":"","overlay-color":"","overlay-opacity":"","overlay-gradient":""},"mobile":{"background-color":"","background-image":"","background-repeat":"repeat","background-position":"center center","background-size":"auto","background-attachment":"scroll","background-type":"","background-media":"","overlay-type":"","overlay-color":"","overlay-opacity":"","overlay-gradient":""}},"ast-content-background-meta":{"desktop":{"background-color":"var(--ast-global-color-5)","background-image":"","background-repeat":"repeat","background-position":"center center","background-size":"auto","background-attachment":"scroll","background-type":"","background-media":"","overlay-type":"","overlay-color":"","overlay-opacity":"","overlay-gradient":""},"tablet":{"background-color":"var(--ast-global-color-5)","background-image":"","background-repeat":"repeat","background-position":"center center","background-size":"auto","background-attachment":"scroll","background-type":"","background-media":"","overlay-type":"","overlay-color":"","overlay-opacity":"","overlay-gradient":""},"mobile":{"background-color":"var(--ast-global-color-5)","background-image":"","background-repeat":"repeat","background-position":"center center","background-size":"auto","background-attachment":"scroll","background-type":"","background-media":"","overlay-type":"","overlay-color":"","overlay-opacity":"","overlay-gradient":""}},"footnotes":""},"class_list":["post-3168","page","type-page","status-publish","hentry"],"acf":[],"_links":{"self":[{"href":"https:\/\/old.besst.ee\/lv\/wp-json\/wp\/v2\/pages\/3168","targetHints":{"allow":["GET"]}}],"collection":[{"href":"https:\/\/old.besst.ee\/lv\/wp-json\/wp\/v2\/pages"}],"about":[{"href":"https:\/\/old.besst.ee\/lv\/wp-json\/wp\/v2\/types\/page"}],"author":[{"embeddable":true,"href":"https:\/\/old.besst.ee\/lv\/wp-json\/wp\/v2\/users\/2"}],"replies":[{"embeddable":true,"href":"https:\/\/old.besst.ee\/lv\/wp-json\/wp\/v2\/comments?post=3168"}],"version-history":[{"count":0,"href":"https:\/\/old.besst.ee\/lv\/wp-json\/wp\/v2\/pages\/3168\/revisions"}],"wp:attachment":[{"href":"https:\/\/old.besst.ee\/lv\/wp-json\/wp\/v2\/media?parent=3168"}],"curies":[{"name":"wp","href":"https:\/\/api.w.org\/{rel}","templated":true}]}}